{"id":47,"date":"2017-09-17T18:55:58","date_gmt":"2017-09-17T18:55:58","guid":{"rendered":"http:\/\/jorgehbernstein.com\/site\/?page_id=47"},"modified":"2017-09-17T19:03:02","modified_gmt":"2017-09-17T19:03:02","slug":"bio","status":"publish","type":"page","link":"http:\/\/jorgehbernstein.com\/site\/index.php\/bio\/","title":{"rendered":"BIO\/"},"content":{"rendered":"\t\t<div data-elementor-type=\"wp-page\" data-elementor-id=\"47\" class=\"elementor elementor-47 elementor-bc-flex-widget\">\n\t\t\t\t\t\t<section class=\"elementor-section elementor-top-section elementor-element elementor-element-9gsg8we elementor-section-full_width elementor-section-height-default elementor-section-height-default\" data-id=\"9gsg8we\" data-element_type=\"section\" data-e-type=\"section\">\n\t\t\t\t\t\t<div class=\"elementor-container elementor-column-gap-default\">\n\t\t\t\t\t<div class=\"elementor-column elementor-col-100 elementor-top-column elementor-element elementor-element-uarlac7\" data-id=\"uarlac7\" data-element_type=\"column\" data-e-type=\"column\">\n\t\t\t<div class=\"elementor-widget-wrap elementor-element-populated\">\n\t\t\t\t\t\t<section class=\"elementor-section elementor-inner-section elementor-element elementor-element-w13my1s elementor-section-boxed elementor-section-height-default elementor-section-height-default\" data-id=\"w13my1s\" data-element_type=\"section\" data-e-type=\"section\">\n\t\t\t\t\t\t<div class=\"elementor-container elementor-column-gap-default\">\n\t\t\t\t\t<div class=\"elementor-column elementor-col-100 elementor-inner-column elementor-element elementor-element-19at61i\" data-id=\"19at61i\" data-element_type=\"column\" data-e-type=\"column\">\n\t\t\t<div class=\"elementor-widget-wrap elementor-element-populated\">\n\t\t\t\t\t\t<div class=\"elementor-element elementor-element-23xqhb1 elementor-widget elementor-widget-image\" data-id=\"23xqhb1\" data-element_type=\"widget\" data-e-type=\"widget\" data-widget_type=\"image.default\">\n\t\t\t\t<div class=\"elementor-widget-container\">\n\t\t\t\t\t\t\t\t\t\t\t\t\t\t\t<img decoding=\"async\" width=\"1142\" height=\"5\" src=\"http:\/\/jorgehbernstein.com\/site\/wp-content\/uploads\/2017\/09\/LINEA-NEGRA.jpg\" class=\"attachment-full size-full wp-image-34\" alt=\"\" srcset=\"http:\/\/jorgehbernstein.com\/site\/wp-content\/uploads\/2017\/09\/LINEA-NEGRA.jpg 1142w, http:\/\/jorgehbernstein.com\/site\/wp-content\/uploads\/2017\/09\/LINEA-NEGRA-300x1.jpg 300w, http:\/\/jorgehbernstein.com\/site\/wp-content\/uploads\/2017\/09\/LINEA-NEGRA-768x3.jpg 768w, http:\/\/jorgehbernstein.com\/site\/wp-content\/uploads\/2017\/09\/LINEA-NEGRA-1024x4.jpg 1024w\" sizes=\"(max-width: 1142px) 100vw, 1142px\" \/>\t\t\t\t\t\t\t\t\t\t\t\t\t\t\t<\/div>\n\t\t\t\t<\/div>\n\t\t\t\t\t<\/div>\n\t\t<\/div>\n\t\t\t\t\t<\/div>\n\t\t<\/section>\n\t\t\t\t\t<\/div>\n\t\t<\/div>\n\t\t\t\t\t<\/div>\n\t\t<\/section>\n\t\t\t\t<section class=\"elementor-section elementor-top-section elementor-element elementor-element-j68yuqy elementor-section-boxed elementor-section-height-default elementor-section-height-default\" data-id=\"j68yuqy\" data-element_type=\"section\" data-e-type=\"section\">\n\t\t\t\t\t\t<div class=\"elementor-container elementor-column-gap-default\">\n\t\t\t\t\t<div class=\"elementor-column elementor-col-100 elementor-top-column elementor-element elementor-element-666262u\" data-id=\"666262u\" data-element_type=\"column\" data-e-type=\"column\">\n\t\t\t<div class=\"elementor-widget-wrap elementor-element-populated\">\n\t\t\t\t\t\t<section class=\"elementor-section elementor-inner-section elementor-element elementor-element-jdvr2p6 elementor-section-boxed elementor-section-height-default elementor-section-height-default\" data-id=\"jdvr2p6\" data-element_type=\"section\" data-e-type=\"section\">\n\t\t\t\t\t\t<div class=\"elementor-container elementor-column-gap-default\">\n\t\t\t\t\t<div class=\"elementor-column elementor-col-50 elementor-inner-column elementor-element elementor-element-lafvsm7\" data-id=\"lafvsm7\" data-element_type=\"column\" data-e-type=\"column\">\n\t\t\t<div class=\"elementor-widget-wrap\">\n\t\t\t\t\t\t\t<\/div>\n\t\t<\/div>\n\t\t\t\t<div class=\"elementor-column elementor-col-50 elementor-inner-column elementor-element elementor-element-fwxu5y6\" data-id=\"fwxu5y6\" data-element_type=\"column\" data-e-type=\"column\">\n\t\t\t<div class=\"elementor-widget-wrap elementor-element-populated\">\n\t\t\t\t\t\t<div class=\"elementor-element elementor-element-yrrv1gh elementor-widget elementor-widget-spacer\" data-id=\"yrrv1gh\" data-element_type=\"widget\" data-e-type=\"widget\" data-widget_type=\"spacer.default\">\n\t\t\t\t<div class=\"elementor-widget-container\">\n\t\t\t\t\t\t\t<div class=\"elementor-spacer\">\n\t\t\t<div class=\"elementor-spacer-inner\"><\/div>\n\t\t<\/div>\n\t\t\t\t\t\t<\/div>\n\t\t\t\t<\/div>\n\t\t\t\t<div class=\"elementor-element elementor-element-kxhx0cm elementor-widget elementor-widget-text-editor\" data-id=\"kxhx0cm\" data-element_type=\"widget\" data-e-type=\"widget\" data-widget_type=\"text-editor.default\">\n\t\t\t\t<div class=\"elementor-widget-container\">\n\t\t\t\t\t\t\t\t\t<p>Jorge H\u00e9ctor<br \/>Bernstein<br \/>es Arquitecto <br \/>y Urbanista<\/p>\t\t\t\t\t\t\t\t<\/div>\n\t\t\t\t<\/div>\n\t\t\t\t\t<\/div>\n\t\t<\/div>\n\t\t\t\t\t<\/div>\n\t\t<\/section>\n\t\t\t\t\t<\/div>\n\t\t<\/div>\n\t\t\t\t\t<\/div>\n\t\t<\/section>\n\t\t\t\t<section class=\"elementor-section elementor-top-section elementor-element elementor-element-gk9164t elementor-section-full_width elementor-section-height-default elementor-section-height-default\" data-id=\"gk9164t\" data-element_type=\"section\" data-e-type=\"section\">\n\t\t\t\t\t\t<div class=\"elementor-container elementor-column-gap-default\">\n\t\t\t\t\t<div class=\"elementor-column elementor-col-100 elementor-top-column elementor-element elementor-element-6qg4yae\" data-id=\"6qg4yae\" data-element_type=\"column\" data-e-type=\"column\">\n\t\t\t<div class=\"elementor-widget-wrap elementor-element-populated\">\n\t\t\t\t\t\t<section class=\"elementor-section elementor-inner-section elementor-element elementor-element-1jhmk6e elementor-section-boxed elementor-section-height-default elementor-section-height-default\" data-id=\"1jhmk6e\" data-element_type=\"section\" data-e-type=\"section\">\n\t\t\t\t\t\t<div class=\"elementor-container elementor-column-gap-default\">\n\t\t\t\t\t<div class=\"elementor-column elementor-col-50 elementor-inner-column elementor-element elementor-element-a5mvvs4\" data-id=\"a5mvvs4\" data-element_type=\"column\" data-e-type=\"column\">\n\t\t\t<div class=\"elementor-widget-wrap elementor-element-populated\">\n\t\t\t\t\t\t<div class=\"elementor-element elementor-element-5w67a38 elementor-widget elementor-widget-image\" data-id=\"5w67a38\" data-element_type=\"widget\" data-e-type=\"widget\" data-widget_type=\"image.default\">\n\t\t\t\t<div class=\"elementor-widget-container\">\n\t\t\t\t\t\t\t\t\t\t\t\t\t\t\t<img fetchpriority=\"high\" decoding=\"async\" width=\"644\" height=\"1024\" src=\"http:\/\/jorgehbernstein.com\/site\/wp-content\/uploads\/2017\/09\/jb1-644x1024.jpg\" class=\"attachment-large size-large wp-image-49\" alt=\"\" srcset=\"http:\/\/jorgehbernstein.com\/site\/wp-content\/uploads\/2017\/09\/jb1-644x1024.jpg 644w, http:\/\/jorgehbernstein.com\/site\/wp-content\/uploads\/2017\/09\/jb1-189x300.jpg 189w, http:\/\/jorgehbernstein.com\/site\/wp-content\/uploads\/2017\/09\/jb1-768x1221.jpg 768w, http:\/\/jorgehbernstein.com\/site\/wp-content\/uploads\/2017\/09\/jb1.jpg 1200w\" sizes=\"(max-width: 644px) 100vw, 644px\" \/>\t\t\t\t\t\t\t\t\t\t\t\t\t\t\t<\/div>\n\t\t\t\t<\/div>\n\t\t\t\t\t<\/div>\n\t\t<\/div>\n\t\t\t\t<div class=\"elementor-column elementor-col-50 elementor-inner-column elementor-element elementor-element-9zve80b\" data-id=\"9zve80b\" data-element_type=\"column\" data-e-type=\"column\">\n\t\t\t<div class=\"elementor-widget-wrap elementor-element-populated\">\n\t\t\t\t\t\t<div class=\"elementor-element elementor-element-7cukhtt elementor-widget elementor-widget-spacer\" data-id=\"7cukhtt\" data-element_type=\"widget\" data-e-type=\"widget\" data-widget_type=\"spacer.default\">\n\t\t\t\t<div class=\"elementor-widget-container\">\n\t\t\t\t\t\t\t<div class=\"elementor-spacer\">\n\t\t\t<div class=\"elementor-spacer-inner\"><\/div>\n\t\t<\/div>\n\t\t\t\t\t\t<\/div>\n\t\t\t\t<\/div>\n\t\t\t\t<div class=\"elementor-element elementor-element-9whv3pz elementor-widget elementor-widget-text-editor\" data-id=\"9whv3pz\" data-element_type=\"widget\" data-e-type=\"widget\" data-widget_type=\"text-editor.default\">\n\t\t\t\t<div class=\"elementor-widget-container\">\n\t\t\t\t\t\t\t\t\t<p>Su vasta trayectoria abarca una innumerable cantidad de obras en Argentina y en el exterior. Se especializa en el reciclaje de edificios y su puesta en valor, recuper\u00e1ndolos como obras singulares al patrimonio urbano.<br \/>Tambi\u00e9n como urbanista se destac\u00f3 en la concepci\u00f3n arquitect\u00f3nica de espacios p\u00fablicos, centros culturales, exposiciones, auditorios, paseos de compra, parques de entretenimiento, y la arquitectura del espect\u00e1culo.<br \/>Los paseos de compra m\u00e1s renombrados de Argentina son obra de su creatividad, como es el caso del Patio Bullrich y el Abasto, ganadores de premios internacionales otorgados por International Counsil of Shopping Center.<br \/>Obras como el Spinetto, Tattersall y Tribuna Plaza (Hip\u00f3dromo de Palermo), que han servido de marco excepcional a los m\u00e1s prestigiosos eventos culturales y sociales, tales como Casa Foa, llevan impresos el sello de su talento.<br \/>Ligado \u00edntimamente al arte y la cultura, Jorge Bernstein es tambi\u00e9n el co- productor para la televisi\u00f3n mundial del Festival Internacional de Circo de Montecarlo, junto al Principado de M\u00f3naco.<br \/>Preside Sarrasani Circus, el legendario Circo Alem\u00e1n, declarado \u201cCirco Nacional Argentino\u201d.<\/p>\t\t\t\t\t\t\t\t<\/div>\n\t\t\t\t<\/div>\n\t\t\t\t\t<\/div>\n\t\t<\/div>\n\t\t\t\t\t<\/div>\n\t\t<\/section>\n\t\t\t\t\t<\/div>\n\t\t<\/div>\n\t\t\t\t\t<\/div>\n\t\t<\/section>\n\t\t\t\t<section class=\"elementor-section elementor-top-section elementor-element elementor-element-lydy55y elementor-section-boxed elementor-section-height-default elementor-section-height-default\" data-id=\"lydy55y\" data-element_type=\"section\" data-e-type=\"section\">\n\t\t\t\t\t\t<div class=\"elementor-container elementor-column-gap-default\">\n\t\t\t\t\t<div class=\"elementor-column elementor-col-100 elementor-top-column elementor-element elementor-element-k4n6yux\" data-id=\"k4n6yux\" data-element_type=\"column\" data-e-type=\"column\">\n\t\t\t<div class=\"elementor-widget-wrap elementor-element-populated\">\n\t\t\t\t\t\t<section class=\"elementor-section elementor-inner-section elementor-element elementor-element-ozkrsp6 elementor-section-full_width elementor-section-height-default elementor-section-height-default\" data-id=\"ozkrsp6\" data-element_type=\"section\" data-e-type=\"section\">\n\t\t\t\t\t\t<div class=\"elementor-container elementor-column-gap-default\">\n\t\t\t\t\t<div class=\"elementor-column elementor-col-100 elementor-inner-column elementor-element elementor-element-ms7r20s\" data-id=\"ms7r20s\" data-element_type=\"column\" data-e-type=\"column\">\n\t\t\t<div class=\"elementor-widget-wrap elementor-element-populated\">\n\t\t\t\t\t\t<div class=\"elementor-element elementor-element-6hukh0d elementor-widget elementor-widget-image\" data-id=\"6hukh0d\" data-element_type=\"widget\" data-e-type=\"widget\" data-widget_type=\"image.default\">\n\t\t\t\t<div class=\"elementor-widget-container\">\n\t\t\t\t\t\t\t\t\t\t\t\t\t\t\t<img decoding=\"async\" width=\"1142\" height=\"5\" src=\"http:\/\/jorgehbernstein.com\/site\/wp-content\/uploads\/2017\/09\/LINEA-NEGRA.jpg\" class=\"attachment-full size-full wp-image-34\" alt=\"\" srcset=\"http:\/\/jorgehbernstein.com\/site\/wp-content\/uploads\/2017\/09\/LINEA-NEGRA.jpg 1142w, http:\/\/jorgehbernstein.com\/site\/wp-content\/uploads\/2017\/09\/LINEA-NEGRA-300x1.jpg 300w, http:\/\/jorgehbernstein.com\/site\/wp-content\/uploads\/2017\/09\/LINEA-NEGRA-768x3.jpg 768w, http:\/\/jorgehbernstein.com\/site\/wp-content\/uploads\/2017\/09\/LINEA-NEGRA-1024x4.jpg 1024w\" sizes=\"(max-width: 1142px) 100vw, 1142px\" \/>\t\t\t\t\t\t\t\t\t\t\t\t\t\t\t<\/div>\n\t\t\t\t<\/div>\n\t\t\t\t\t<\/div>\n\t\t<\/div>\n\t\t\t\t\t<\/div>\n\t\t<\/section>\n\t\t\t\t\t<\/div>\n\t\t<\/div>\n\t\t\t\t\t<\/div>\n\t\t<\/section>\n\t\t\t\t<\/div>\n\t\t","protected":false},"excerpt":{"rendered":"<p>Jorge H\u00e9ctorBernsteines Arquitecto y Urbanista Su vasta trayectoria abarca una innumerable cantidad de obras en Argentina y en el exterior. Se especializa en el reciclaje de edificios y su puesta en valor, recuper\u00e1ndolos como obras singulares al patrimonio urbano.Tambi\u00e9n como urbanista se destac\u00f3 en la concepci\u00f3n arquitect\u00f3nica de espacios p\u00fablicos, centros culturales, exposiciones, auditorios, paseos &#8230; <a title=\"BIO\/\" class=\"read-more\" href=\"http:\/\/jorgehbernstein.com\/site\/index.php\/bio\/\">Read more<\/a><\/p>\n","protected":false},"author":1,"featured_media":0,"parent":0,"menu_order":3,"comment_status":"closed","ping_status":"closed","template":"","meta":{"_monsterinsights_skip_tracking":false,"_monsterinsights_sitenote_active":false,"_monsterinsights_sitenote_note":"","_monsterinsights_sitenote_category":0,"generate_page_header":"","footnotes":""},"class_list":["post-47","page","type-page","status-publish"],"_links":{"self":[{"href":"http:\/\/jorgehbernstein.com\/site\/index.php\/wp-json\/wp\/v2\/pages\/47","targetHints":{"allow":["GET"]}}],"collection":[{"href":"http:\/\/jorgehbernstein.com\/site\/index.php\/wp-json\/wp\/v2\/pages"}],"about":[{"href":"http:\/\/jorgehbernstein.com\/site\/index.php\/wp-json\/wp\/v2\/types\/page"}],"author":[{"embeddable":true,"href":"http:\/\/jorgehbernstein.com\/site\/index.php\/wp-json\/wp\/v2\/users\/1"}],"replies":[{"embeddable":true,"href":"http:\/\/jorgehbernstein.com\/site\/index.php\/wp-json\/wp\/v2\/comments?post=47"}],"version-history":[{"count":2,"href":"http:\/\/jorgehbernstein.com\/site\/index.php\/wp-json\/wp\/v2\/pages\/47\/revisions"}],"predecessor-version":[{"id":50,"href":"http:\/\/jorgehbernstein.com\/site\/index.php\/wp-json\/wp\/v2\/pages\/47\/revisions\/50"}],"wp:attachment":[{"href":"http:\/\/jorgehbernstein.com\/site\/index.php\/wp-json\/wp\/v2\/media?parent=47"}],"curies":[{"name":"wp","href":"https:\/\/api.w.org\/{rel}","templated":true}]}}